{"id":1433,"date":"2022-06-15T16:11:02","date_gmt":"2022-06-15T16:11:02","guid":{"rendered":"http:\/\/jtcsales.com.br\/?page_id=1433"},"modified":"2022-07-29T16:20:15","modified_gmt":"2022-07-29T16:20:15","slug":"nobuk-borrachas","status":"publish","type":"page","link":"https:\/\/jtcpets.com.br\/?page_id=1433","title":{"rendered":"NOBUK Borrachas"},"content":{"rendered":"\n<p>M\u00e1s de 15 a\u00f1os en el mercado y durante estos a\u00f1os siempre buscamos la perfecci\u00f3n en nuestros servicios junto con la satisfacci\u00f3n de nuestros clientes. Desde nuestros productos desde el principio se piensa en la seguridad de nuestros clientes tambi\u00e9n con la preocupaci\u00f3n por nuestra naturaleza, porque buscamos formas de eludir la degradaci\u00f3n de la misma. Por lo tanto,<\/p>\n\n\n\n<p>Nuestro objetivo es ofrecer nuestra calidad en todos nuestros productos , sin perder nuestros valores sino mejorando nuestras ventajas sobre el mercado, utilizando tecnolog\u00edas de vanguardia para estar siempre por delante de lo ordinario.<\/p>\n\n\n\n<p>Fabricamos  bujes  de gomas para  suspension , silent block , hastes  de  reaccion , flanches  para todas las lineas de vehiculos pesados y para todas las marcas <\/p>\n\n\n\n<h2 class=\"has-text-align-center has-text-color wp-block-heading\" style=\"color:#2420e5\">NUESTROS PRODUCTOS SON RESULTADO DE TECNOLOGIA DE PRIMERA LINEA <\/h2>\n\n\n\n<p class=\"has-text-align-center has-text-color has-large-font-size\" style=\"color:#000fa3\">         <strong>VENTAS DIRECTO  DE FABRICAS <\/strong>           PR<strong>ODUCTOS 100 % BRASILEIROS <\/strong> <\/p>\n\n\n\n<figure class=\"wp-block-gallery has-nested-images columns-4 is-cropped wp-block-gallery-1 is-layout-flex wp-block-gallery-is-layout-flex\">\n<figure class=\"wp-block-image size-large\"><img loading=\"lazy\" decoding=\"async\" width=\"339\" height=\"422\" data-id=\"1437\" src=\"http:\/\/jtcsales.com.br\/wp-content\/uploads\/2022\/06\/pecas-02.png\" alt=\"\" class=\"wp-image-1437\" srcset=\"https:\/\/jtcpets.com.br\/wp-content\/uploads\/2022\/06\/pecas-02.png 339w, https:\/\/jtcpets.com.br\/wp-content\/uploads\/2022\/06\/pecas-02-241x300.png 241w\" sizes=\"auto, (max-width: 339px) 100vw, 339px\" \/><\/figure>\n\n\n\n<figure class=\"wp-block-image size-large\"><img loading=\"lazy\" decoding=\"async\" width=\"335\" height=\"419\" data-id=\"1435\" src=\"http:\/\/jtcsales.com.br\/wp-content\/uploads\/2022\/06\/pecas-03.png\" alt=\"\" class=\"wp-image-1435\" srcset=\"https:\/\/jtcpets.com.br\/wp-content\/uploads\/2022\/06\/pecas-03.png 335w, https:\/\/jtcpets.com.br\/wp-content\/uploads\/2022\/06\/pecas-03-240x300.png 240w\" sizes=\"auto, (max-width: 335px) 100vw, 335px\" \/><\/figure>\n\n\n\n<figure class=\"wp-block-image size-large\"><img loading=\"lazy\" decoding=\"async\" width=\"367\" height=\"410\" data-id=\"1436\" src=\"http:\/\/jtcsales.com.br\/wp-content\/uploads\/2022\/06\/pecas-04.png\" alt=\"\" class=\"wp-image-1436\" srcset=\"https:\/\/jtcpets.com.br\/wp-content\/uploads\/2022\/06\/pecas-04.png 367w, https:\/\/jtcpets.com.br\/wp-content\/uploads\/2022\/06\/pecas-04-269x300.png 269w\" sizes=\"auto, (max-width: 367px) 100vw, 367px\" \/><\/figure>\n\n\n\n<figure class=\"wp-block-image size-large\"><img loading=\"lazy\" decoding=\"async\" width=\"344\" height=\"444\" data-id=\"1439\" src=\"http:\/\/jtcsales.com.br\/wp-content\/uploads\/2022\/06\/pecas-05.png\" alt=\"\" class=\"wp-image-1439\" srcset=\"https:\/\/jtcpets.com.br\/wp-content\/uploads\/2022\/06\/pecas-05.png 344w, https:\/\/jtcpets.com.br\/wp-content\/uploads\/2022\/06\/pecas-05-232x300.png 232w\" sizes=\"auto, (max-width: 344px) 100vw, 344px\" \/><\/figure>\n\n\n\n<figure class=\"wp-block-image size-large\"><img loading=\"lazy\" decoding=\"async\" width=\"363\" height=\"506\" data-id=\"1438\" src=\"http:\/\/jtcsales.com.br\/wp-content\/uploads\/2022\/06\/pecas-06.png\" alt=\"\" class=\"wp-image-1438\" srcset=\"https:\/\/jtcpets.com.br\/wp-content\/uploads\/2022\/06\/pecas-06.png 363w, https:\/\/jtcpets.com.br\/wp-content\/uploads\/2022\/06\/pecas-06-215x300.png 215w\" sizes=\"auto, (max-width: 363px) 100vw, 363px\" \/><\/figure>\n\n\n\n<figure class=\"wp-block-image size-large\"><img loading=\"lazy\" decoding=\"async\" width=\"375\" height=\"391\" data-id=\"1440\" src=\"http:\/\/jtcsales.com.br\/wp-content\/uploads\/2022\/06\/pecas-07.png\" alt=\"\" class=\"wp-image-1440\" srcset=\"https:\/\/jtcpets.com.br\/wp-content\/uploads\/2022\/06\/pecas-07.png 375w, https:\/\/jtcpets.com.br\/wp-content\/uploads\/2022\/06\/pecas-07-288x300.png 288w\" sizes=\"auto, (max-width: 375px) 100vw, 375px\" \/><\/figure>\n\n\n\n<figure class=\"wp-block-image size-large\"><img loading=\"lazy\" decoding=\"async\" width=\"389\" height=\"394\" data-id=\"1441\" src=\"http:\/\/jtcsales.com.br\/wp-content\/uploads\/2022\/06\/pecas-08.png\" alt=\"\" class=\"wp-image-1441\" srcset=\"https:\/\/jtcpets.com.br\/wp-content\/uploads\/2022\/06\/pecas-08.png 389w, https:\/\/jtcpets.com.br\/wp-content\/uploads\/2022\/06\/pecas-08-296x300.png 296w\" sizes=\"auto, (max-width: 389px) 100vw, 389px\" \/><\/figure>\n\n\n\n<figure class=\"wp-block-image size-large\"><img loading=\"lazy\" decoding=\"async\" width=\"350\" height=\"420\" data-id=\"1443\" src=\"http:\/\/jtcsales.com.br\/wp-content\/uploads\/2022\/06\/pecas-09.png\" alt=\"\" class=\"wp-image-1443\" srcset=\"https:\/\/jtcpets.com.br\/wp-content\/uploads\/2022\/06\/pecas-09.png 350w, https:\/\/jtcpets.com.br\/wp-content\/uploads\/2022\/06\/pecas-09-250x300.png 250w\" sizes=\"auto, (max-width: 350px) 100vw, 350px\" \/><\/figure>\n\n\n\n<figure class=\"wp-block-image size-large\"><img loading=\"lazy\" decoding=\"async\" width=\"345\" height=\"397\" data-id=\"1442\" src=\"http:\/\/jtcsales.com.br\/wp-content\/uploads\/2022\/06\/pecas-10.png\" alt=\"\" class=\"wp-image-1442\" srcset=\"https:\/\/jtcpets.com.br\/wp-content\/uploads\/2022\/06\/pecas-10.png 345w, https:\/\/jtcpets.com.br\/wp-content\/uploads\/2022\/06\/pecas-10-261x300.png 261w\" sizes=\"auto, (max-width: 345px) 100vw, 345px\" \/><\/figure>\n\n\n\n<figure class=\"wp-block-image size-large\"><img loading=\"lazy\" decoding=\"async\" width=\"353\" height=\"430\" data-id=\"1444\" src=\"http:\/\/jtcsales.com.br\/wp-content\/uploads\/2022\/06\/pecas-11-Copia.png\" alt=\"\" class=\"wp-image-1444\" srcset=\"https:\/\/jtcpets.com.br\/wp-content\/uploads\/2022\/06\/pecas-11-Copia.png 353w, https:\/\/jtcpets.com.br\/wp-content\/uploads\/2022\/06\/pecas-11-Copia-246x300.png 246w\" sizes=\"auto, (max-width: 353px) 100vw, 353px\" \/><\/figure>\n\n\n\n<figure class=\"wp-block-image size-large\"><img loading=\"lazy\" decoding=\"async\" width=\"353\" height=\"430\" data-id=\"1445\" src=\"http:\/\/jtcsales.com.br\/wp-content\/uploads\/2022\/06\/pecas-11.png\" alt=\"\" class=\"wp-image-1445\" srcset=\"https:\/\/jtcpets.com.br\/wp-content\/uploads\/2022\/06\/pecas-11.png 353w, https:\/\/jtcpets.com.br\/wp-content\/uploads\/2022\/06\/pecas-11-246x300.png 246w\" sizes=\"auto, (max-width: 353px) 100vw, 353px\" \/><\/figure>\n\n\n\n<figure class=\"wp-block-image size-large\"><img loading=\"lazy\" decoding=\"async\" width=\"369\" height=\"418\" data-id=\"1446\" src=\"http:\/\/jtcsales.com.br\/wp-content\/uploads\/2022\/06\/pecas-12.png\" alt=\"\" class=\"wp-image-1446\" srcset=\"https:\/\/jtcpets.com.br\/wp-content\/uploads\/2022\/06\/pecas-12.png 369w, https:\/\/jtcpets.com.br\/wp-content\/uploads\/2022\/06\/pecas-12-265x300.png 265w\" sizes=\"auto, (max-width: 369px) 100vw, 369px\" \/><\/figure>\n\n\n\n<figure class=\"wp-block-image size-large\"><img loading=\"lazy\" decoding=\"async\" width=\"333\" height=\"414\" data-id=\"1447\" src=\"http:\/\/jtcsales.com.br\/wp-content\/uploads\/2022\/06\/pecas-13.png\" alt=\"\" class=\"wp-image-1447\" srcset=\"https:\/\/jtcpets.com.br\/wp-content\/uploads\/2022\/06\/pecas-13.png 333w, https:\/\/jtcpets.com.br\/wp-content\/uploads\/2022\/06\/pecas-13-241x300.png 241w\" sizes=\"auto, (max-width: 333px) 100vw, 333px\" \/><\/figure>\n\n\n\n<figure class=\"wp-block-image size-large\"><img loading=\"lazy\" decoding=\"async\" width=\"379\" height=\"432\" data-id=\"1448\" src=\"http:\/\/jtcsales.com.br\/wp-content\/uploads\/2022\/06\/pecas-14.png\" alt=\"\" class=\"wp-image-1448\" srcset=\"https:\/\/jtcpets.com.br\/wp-content\/uploads\/2022\/06\/pecas-14.png 379w, https:\/\/jtcpets.com.br\/wp-content\/uploads\/2022\/06\/pecas-14-263x300.png 263w\" sizes=\"auto, (max-width: 379px) 100vw, 379px\" \/><\/figure>\n\n\n\n<figure class=\"wp-block-image size-large\"><img loading=\"lazy\" decoding=\"async\" width=\"348\" height=\"435\" data-id=\"1450\" src=\"http:\/\/jtcsales.com.br\/wp-content\/uploads\/2022\/06\/pecas-15.png\" alt=\"\" class=\"wp-image-1450\" srcset=\"https:\/\/jtcpets.com.br\/wp-content\/uploads\/2022\/06\/pecas-15.png 348w, https:\/\/jtcpets.com.br\/wp-content\/uploads\/2022\/06\/pecas-15-240x300.png 240w\" sizes=\"auto, (max-width: 348px) 100vw, 348px\" \/><\/figure>\n\n\n\n<figure class=\"wp-block-image size-large\"><img loading=\"lazy\" decoding=\"async\" width=\"368\" height=\"407\" data-id=\"1449\" src=\"http:\/\/jtcsales.com.br\/wp-content\/uploads\/2022\/06\/pecas-16.png\" alt=\"\" class=\"wp-image-1449\" srcset=\"https:\/\/jtcpets.com.br\/wp-content\/uploads\/2022\/06\/pecas-16.png 368w, https:\/\/jtcpets.com.br\/wp-content\/uploads\/2022\/06\/pecas-16-271x300.png 271w\" sizes=\"auto, (max-width: 368px) 100vw, 368px\" \/><\/figure>\n\n\n\n<figure class=\"wp-block-image size-large\"><img loading=\"lazy\" decoding=\"async\" width=\"363\" height=\"439\" data-id=\"1451\" src=\"http:\/\/jtcsales.com.br\/wp-content\/uploads\/2022\/06\/pecas-17.png\" alt=\"\" class=\"wp-image-1451\" srcset=\"https:\/\/jtcpets.com.br\/wp-content\/uploads\/2022\/06\/pecas-17.png 363w, https:\/\/jtcpets.com.br\/wp-content\/uploads\/2022\/06\/pecas-17-248x300.png 248w\" sizes=\"auto, (max-width: 363px) 100vw, 363px\" \/><\/figure>\n\n\n\n<figure class=\"wp-block-image size-large\"><img loading=\"lazy\" decoding=\"async\" width=\"361\" height=\"442\" data-id=\"1453\" src=\"http:\/\/jtcsales.com.br\/wp-content\/uploads\/2022\/06\/pecas-18.png\" alt=\"\" class=\"wp-image-1453\" srcset=\"https:\/\/jtcpets.com.br\/wp-content\/uploads\/2022\/06\/pecas-18.png 361w, https:\/\/jtcpets.com.br\/wp-content\/uploads\/2022\/06\/pecas-18-245x300.png 245w\" sizes=\"auto, (max-width: 361px) 100vw, 361px\" \/><\/figure>\n\n\n\n<figure class=\"wp-block-image size-large\"><img loading=\"lazy\" decoding=\"async\" width=\"309\" height=\"416\" data-id=\"1452\" src=\"http:\/\/jtcsales.com.br\/wp-content\/uploads\/2022\/06\/pecas-19.png\" alt=\"\" class=\"wp-image-1452\" srcset=\"https:\/\/jtcpets.com.br\/wp-content\/uploads\/2022\/06\/pecas-19.png 309w, https:\/\/jtcpets.com.br\/wp-content\/uploads\/2022\/06\/pecas-19-223x300.png 223w\" sizes=\"auto, (max-width: 309px) 100vw, 309px\" \/><\/figure>\n\n\n\n<figure class=\"wp-block-image size-large\"><img loading=\"lazy\" decoding=\"async\" width=\"310\" height=\"442\" data-id=\"1454\" src=\"http:\/\/jtcsales.com.br\/wp-content\/uploads\/2022\/06\/pecas-20.png\" alt=\"\" class=\"wp-image-1454\" srcset=\"https:\/\/jtcpets.com.br\/wp-content\/uploads\/2022\/06\/pecas-20.png 310w, https:\/\/jtcpets.com.br\/wp-content\/uploads\/2022\/06\/pecas-20-210x300.png 210w\" sizes=\"auto, (max-width: 310px) 100vw, 310px\" \/><\/figure>\n\n\n\n<figure class=\"wp-block-image size-large\"><img loading=\"lazy\" decoding=\"async\" width=\"375\" height=\"438\" data-id=\"1460\" src=\"http:\/\/jtcsales.com.br\/wp-content\/uploads\/2022\/06\/pecas-21.png\" alt=\"\" class=\"wp-image-1460\" srcset=\"https:\/\/jtcpets.com.br\/wp-content\/uploads\/2022\/06\/pecas-21.png 375w, https:\/\/jtcpets.com.br\/wp-content\/uploads\/2022\/06\/pecas-21-257x300.png 257w\" sizes=\"auto, (max-width: 375px) 100vw, 375px\" \/><\/figure>\n\n\n\n<figure class=\"wp-block-image size-large\"><img loading=\"lazy\" decoding=\"async\" width=\"330\" height=\"420\" data-id=\"1455\" src=\"http:\/\/jtcsales.com.br\/wp-content\/uploads\/2022\/06\/pecas-22.png\" alt=\"\" class=\"wp-image-1455\" srcset=\"https:\/\/jtcpets.com.br\/wp-content\/uploads\/2022\/06\/pecas-22.png 330w, https:\/\/jtcpets.com.br\/wp-content\/uploads\/2022\/06\/pecas-22-236x300.png 236w\" sizes=\"auto, (max-width: 330px) 100vw, 330px\" \/><\/figure>\n\n\n\n<figure class=\"wp-block-image size-large\"><img loading=\"lazy\" decoding=\"async\" width=\"363\" height=\"416\" data-id=\"1456\" src=\"http:\/\/jtcsales.com.br\/wp-content\/uploads\/2022\/06\/pecas-23.png\" alt=\"\" class=\"wp-image-1456\" srcset=\"https:\/\/jtcpets.com.br\/wp-content\/uploads\/2022\/06\/pecas-23.png 363w, https:\/\/jtcpets.com.br\/wp-content\/uploads\/2022\/06\/pecas-23-262x300.png 262w\" sizes=\"auto, (max-width: 363px) 100vw, 363px\" \/><\/figure>\n\n\n\n<figure class=\"wp-block-image size-large\"><img loading=\"lazy\" decoding=\"async\" width=\"337\" height=\"420\" data-id=\"1457\" src=\"http:\/\/jtcsales.com.br\/wp-content\/uploads\/2022\/06\/pecas-24.png\" alt=\"\" class=\"wp-image-1457\" srcset=\"https:\/\/jtcpets.com.br\/wp-content\/uploads\/2022\/06\/pecas-24.png 337w, https:\/\/jtcpets.com.br\/wp-content\/uploads\/2022\/06\/pecas-24-241x300.png 241w\" sizes=\"auto, (max-width: 337px) 100vw, 337px\" \/><\/figure>\n<\/figure>\n\n\n\n<p><\/p>\n\n\n\n<p class=\"has-text-align-center has-text-color has-large-font-size\" style=\"color:#000fa3\">         <strong>VENTAS DIRECTO  DE FABRICAS <\/strong>           PR<strong>ODUCTOS 100 % BRASILEIROS <\/strong> <\/p>\n","protected":false},"excerpt":{"rendered":"<p>M\u00e1s de 15 a\u00f1os en el mercado y durante estos a\u00f1os siempre buscamos la perfecci\u00f3n en nuestros servicios junto con la satisfacci\u00f3n de nuestros clientes. Desde nuestros productos desde el principio se piensa en la seguridad de nuestros clientes tambi\u00e9n con la preocupaci\u00f3n por nuestra naturaleza, porque buscamos formas de eludir la degradaci\u00f3n de la [&hellip;]<\/p>\n","protected":false},"author":1,"featured_media":0,"parent":0,"menu_order":0,"comment_status":"closed","ping_status":"closed","template":"templates\/template-page-full-width.php","meta":{"om_disable_all_campaigns":false,"_monsterinsights_skip_tracking":false,"_monsterinsights_sitenote_active":false,"_monsterinsights_sitenote_note":"","_monsterinsights_sitenote_category":0,"footnotes":""},"class_list":["post-1433","page","type-page","status-publish","hentry"],"aioseo_notices":[],"_links":{"self":[{"href":"https:\/\/jtcpets.com.br\/index.php?rest_route=\/wp\/v2\/pages\/1433","targetHints":{"allow":["GET"]}}],"collection":[{"href":"https:\/\/jtcpets.com.br\/index.php?rest_route=\/wp\/v2\/pages"}],"about":[{"href":"https:\/\/jtcpets.com.br\/index.php?rest_route=\/wp\/v2\/types\/page"}],"author":[{"embeddable":true,"href":"https:\/\/jtcpets.com.br\/index.php?rest_route=\/wp\/v2\/users\/1"}],"replies":[{"embeddable":true,"href":"https:\/\/jtcpets.com.br\/index.php?rest_route=%2Fwp%2Fv2%2Fcomments&post=1433"}],"version-history":[{"count":1,"href":"https:\/\/jtcpets.com.br\/index.php?rest_route=\/wp\/v2\/pages\/1433\/revisions"}],"predecessor-version":[{"id":1573,"href":"https:\/\/jtcpets.com.br\/index.php?rest_route=\/wp\/v2\/pages\/1433\/revisions\/1573"}],"wp:attachment":[{"href":"https:\/\/jtcpets.com.br\/index.php?rest_route=%2Fwp%2Fv2%2Fmedia&parent=1433"}],"curies":[{"name":"wp","href":"https:\/\/api.w.org\/{rel}","templated":true}]}}