{"id":258,"date":"2020-04-08T15:08:08","date_gmt":"2020-04-08T15:08:08","guid":{"rendered":"http:\/\/main913485.dominiotemporario.com\/jtcsales\/?page_id=258"},"modified":"2022-07-29T16:19:15","modified_gmt":"2022-07-29T16:19:15","slug":"hipper-freios","status":"publish","type":"page","link":"https:\/\/jtcpets.com.br\/?page_id=258","title":{"rendered":"HIPPER FREIOS"},"content":{"rendered":"\n<p>HIPPER FREIOS es l\u00edder en el mercado como proveedor de discos y tambores de frenos. Instalada en el municipio de Sang\u00e3o\/SC en un \u00e1rea de aproximadamente 100 mil m\u00b2 &#8211; siendo 45 mil m\u00b2 de \u00e1rea construida &#8211; exporta sus productos a m\u00e1s de 20 pa\u00edses y para todo el territorio nacional.<\/p>\n\n\n\n<p>Poseedora de uno de los m\u00e1s modernos parques de fundici\u00f3n y mecanizado de Brasil, HIPPER FREIOS cuenta com m\u00e1s de 1.200 referencias para las m\u00e1s diversas aplicaciones nacionales importadas \u2013 a trav\u00e9s de sus l\u00edneas de productos y sistemas de frenos automotrices (Disco, Tambor y Cubo).<\/p>\n\n\n\n<p>Su experiencia en el mercado es la consolidaci\u00f3n de una historia de \u00e9xito y de iniciativa emprendedora. Al fin de cuentas, sus acciones e inversiones contribuyeron con la generaci\u00f3n de empleo y renta, colaborando amplia mente con la mejora de calidad de vida de la comunidad donde est\u00e1 inserida. Con un capital 100% nacional, HIPPER FREIOS tambi\u00e9n tiene herramental propio, proporcionando m\u00e1s agilidad y competitividad en el lanzamiento de nuevos productos y principalmente, una mejor atenci\u00f3n a todos sus clientes.<\/p>\n\n\n\n<figure class=\"wp-block-table is-style-regular\"><table><tbody><tr><td><img loading=\"lazy\" decoding=\"async\" width=\"150\" height=\"113\" class=\"wp-image-215\" style=\"width: 150px;\" src=\"http:\/\/main913485.dominiotemporario.com\/jtcsales\/wp-content\/uploads\/2020\/04\/HF-24-copy.jpg\" alt=\"\" srcset=\"https:\/\/jtcpets.com.br\/wp-content\/uploads\/2020\/04\/HF-24-copy.jpg 1772w, https:\/\/jtcpets.com.br\/wp-content\/uploads\/2020\/04\/HF-24-copy-300x226.jpg 300w, https:\/\/jtcpets.com.br\/wp-content\/uploads\/2020\/04\/HF-24-copy-768x579.jpg 768w, https:\/\/jtcpets.com.br\/wp-content\/uploads\/2020\/04\/HF-24-copy-1024x773.jpg 1024w\" sizes=\"auto, (max-width: 150px) 100vw, 150px\" \/><\/td><td><img loading=\"lazy\" decoding=\"async\" width=\"150\" height=\"116\" class=\"wp-image-155\" style=\"width: 150px;\" src=\"http:\/\/main913485.dominiotemporario.com\/jtcsales\/wp-content\/uploads\/2020\/04\/CT-703-C.jpg\" alt=\"\" srcset=\"https:\/\/jtcpets.com.br\/wp-content\/uploads\/2020\/04\/CT-703-C.jpg 2130w, https:\/\/jtcpets.com.br\/wp-content\/uploads\/2020\/04\/CT-703-C-300x233.jpg 300w, https:\/\/jtcpets.com.br\/wp-content\/uploads\/2020\/04\/CT-703-C-768x596.jpg 768w, https:\/\/jtcpets.com.br\/wp-content\/uploads\/2020\/04\/CT-703-C-1024x794.jpg 1024w\" sizes=\"auto, (max-width: 150px) 100vw, 150px\" \/><\/td><td><img loading=\"lazy\" decoding=\"async\" width=\"150\" height=\"114\" class=\"wp-image-154\" style=\"width: 150px;\" src=\"http:\/\/main913485.dominiotemporario.com\/jtcsales\/wp-content\/uploads\/2020\/04\/CT-81-A.jpg\" alt=\"\" srcset=\"https:\/\/jtcpets.com.br\/wp-content\/uploads\/2020\/04\/CT-81-A.jpg 2006w, https:\/\/jtcpets.com.br\/wp-content\/uploads\/2020\/04\/CT-81-A-300x228.jpg 300w, https:\/\/jtcpets.com.br\/wp-content\/uploads\/2020\/04\/CT-81-A-768x583.jpg 768w, https:\/\/jtcpets.com.br\/wp-content\/uploads\/2020\/04\/CT-81-A-1024x777.jpg 1024w\" sizes=\"auto, (max-width: 150px) 100vw, 150px\" \/><\/td><td><img loading=\"lazy\" decoding=\"async\" width=\"150\" height=\"113\" class=\"wp-image-146\" style=\"width: 150px;\" src=\"http:\/\/main913485.dominiotemporario.com\/jtcsales\/wp-content\/uploads\/2020\/04\/1bb813dd201ceba4fd662f4083b772c7.jpg\" alt=\"\" srcset=\"https:\/\/jtcpets.com.br\/wp-content\/uploads\/2020\/04\/1bb813dd201ceba4fd662f4083b772c7.jpg 320w, https:\/\/jtcpets.com.br\/wp-content\/uploads\/2020\/04\/1bb813dd201ceba4fd662f4083b772c7-300x226.jpg 300w\" sizes=\"auto, (max-width: 150px) 100vw, 150px\" \/><\/td><\/tr><tr><td><img loading=\"lazy\" decoding=\"async\" width=\"150\" height=\"97\" class=\"wp-image-148\" style=\"width: 150px;\" src=\"http:\/\/main913485.dominiotemporario.com\/jtcsales\/wp-content\/uploads\/2020\/04\/830-scaled.jpg\" alt=\"\" srcset=\"https:\/\/jtcpets.com.br\/wp-content\/uploads\/2020\/04\/830-scaled.jpg 2560w, https:\/\/jtcpets.com.br\/wp-content\/uploads\/2020\/04\/830-scaled-300x194.jpg 300w, https:\/\/jtcpets.com.br\/wp-content\/uploads\/2020\/04\/830-scaled-768x498.jpg 768w, https:\/\/jtcpets.com.br\/wp-content\/uploads\/2020\/04\/830-scaled-1024x664.jpg 1024w\" sizes=\"auto, (max-width: 150px) 100vw, 150px\" \/><\/td><td><img loading=\"lazy\" decoding=\"async\" width=\"150\" height=\"100\" class=\"wp-image-152\" style=\"width: 150px;\" src=\"http:\/\/main913485.dominiotemporario.com\/jtcsales\/wp-content\/uploads\/2020\/04\/CT-03.jpg\" alt=\"\" srcset=\"https:\/\/jtcpets.com.br\/wp-content\/uploads\/2020\/04\/CT-03.jpg 2468w, https:\/\/jtcpets.com.br\/wp-content\/uploads\/2020\/04\/CT-03-300x199.jpg 300w, https:\/\/jtcpets.com.br\/wp-content\/uploads\/2020\/04\/CT-03-768x511.jpg 768w, https:\/\/jtcpets.com.br\/wp-content\/uploads\/2020\/04\/CT-03-1024x681.jpg 1024w\" sizes=\"auto, (max-width: 150px) 100vw, 150px\" \/><\/td><td><img loading=\"lazy\" decoding=\"async\" width=\"150\" height=\"114\" class=\"wp-image-149\" style=\"width: 150px;\" src=\"http:\/\/main913485.dominiotemporario.com\/jtcsales\/wp-content\/uploads\/2020\/04\/C-D-86.jpg\" alt=\"\" srcset=\"https:\/\/jtcpets.com.br\/wp-content\/uploads\/2020\/04\/C-D-86.jpg 1967w, https:\/\/jtcpets.com.br\/wp-content\/uploads\/2020\/04\/C-D-86-300x227.jpg 300w, https:\/\/jtcpets.com.br\/wp-content\/uploads\/2020\/04\/C-D-86-768x581.jpg 768w, https:\/\/jtcpets.com.br\/wp-content\/uploads\/2020\/04\/C-D-86-1024x775.jpg 1024w\" sizes=\"auto, (max-width: 150px) 100vw, 150px\" \/><\/td><td><img loading=\"lazy\" decoding=\"async\" width=\"150\" height=\"100\" class=\"wp-image-259\" style=\"width: 150px;\" src=\"http:\/\/main913485.dominiotemporario.com\/jtcsales\/wp-content\/uploads\/2020\/04\/hf-358g-20159.jpg\" alt=\"\" srcset=\"https:\/\/jtcpets.com.br\/wp-content\/uploads\/2020\/04\/hf-358g-20159.jpg 320w, https:\/\/jtcpets.com.br\/wp-content\/uploads\/2020\/04\/hf-358g-20159-300x201.jpg 300w\" sizes=\"auto, (max-width: 150px) 100vw, 150px\" \/><\/td><\/tr><tr><td><img loading=\"lazy\" decoding=\"async\" width=\"150\" height=\"100\" class=\"wp-image-269\" style=\"width: 150px;\" src=\"http:\/\/main913485.dominiotemporario.com\/jtcsales\/wp-content\/uploads\/2020\/04\/hf-909d-20265.jpg\" alt=\"\" srcset=\"https:\/\/jtcpets.com.br\/wp-content\/uploads\/2020\/04\/hf-909d-20265.jpg 320w, https:\/\/jtcpets.com.br\/wp-content\/uploads\/2020\/04\/hf-909d-20265-300x201.jpg 300w\" sizes=\"auto, (max-width: 150px) 100vw, 150px\" \/><\/td><td><img loading=\"lazy\" decoding=\"async\" width=\"150\" height=\"100\" class=\"wp-image-267\" style=\"width: 150px;\" src=\"http:\/\/main913485.dominiotemporario.com\/jtcsales\/wp-content\/uploads\/2020\/04\/hf-700h-20127.jpg\" alt=\"\" srcset=\"https:\/\/jtcpets.com.br\/wp-content\/uploads\/2020\/04\/hf-700h-20127.jpg 320w, https:\/\/jtcpets.com.br\/wp-content\/uploads\/2020\/04\/hf-700h-20127-300x201.jpg 300w\" sizes=\"auto, (max-width: 150px) 100vw, 150px\" \/><\/td><td><img loading=\"lazy\" decoding=\"async\" width=\"150\" height=\"100\" class=\"wp-image-268\" style=\"width: 150px;\" src=\"http:\/\/main913485.dominiotemporario.com\/jtcsales\/wp-content\/uploads\/2020\/04\/hf-720f-20084.jpg\" alt=\"\" srcset=\"https:\/\/jtcpets.com.br\/wp-content\/uploads\/2020\/04\/hf-720f-20084.jpg 320w, https:\/\/jtcpets.com.br\/wp-content\/uploads\/2020\/04\/hf-720f-20084-300x201.jpg 300w\" sizes=\"auto, (max-width: 150px) 100vw, 150px\" \/><\/td><td><img loading=\"lazy\" decoding=\"async\" width=\"150\" height=\"100\" class=\"wp-image-265\" style=\"width: 150px;\" src=\"http:\/\/main913485.dominiotemporario.com\/jtcsales\/wp-content\/uploads\/2020\/04\/hf-403e-20284.jpg\" alt=\"\" srcset=\"https:\/\/jtcpets.com.br\/wp-content\/uploads\/2020\/04\/hf-403e-20284.jpg 320w, https:\/\/jtcpets.com.br\/wp-content\/uploads\/2020\/04\/hf-403e-20284-300x201.jpg 300w\" sizes=\"auto, (max-width: 150px) 100vw, 150px\" \/><\/td><\/tr><tr><td><img loading=\"lazy\" decoding=\"async\" width=\"150\" height=\"90\" class=\"wp-image-260\" style=\"width: 150px;\" src=\"http:\/\/main913485.dominiotemporario.com\/jtcsales\/wp-content\/uploads\/2020\/04\/HF-265A-copy.jpg\" alt=\"\" srcset=\"https:\/\/jtcpets.com.br\/wp-content\/uploads\/2020\/04\/HF-265A-copy.jpg 1772w, https:\/\/jtcpets.com.br\/wp-content\/uploads\/2020\/04\/HF-265A-copy-300x179.jpg 300w, https:\/\/jtcpets.com.br\/wp-content\/uploads\/2020\/04\/HF-265A-copy-768x459.jpg 768w, https:\/\/jtcpets.com.br\/wp-content\/uploads\/2020\/04\/HF-265A-copy-1024x611.jpg 1024w\" sizes=\"auto, (max-width: 150px) 100vw, 150px\" \/><\/td><td><img loading=\"lazy\" decoding=\"async\" width=\"150\" height=\"100\" class=\"wp-image-261\" style=\"width: 150px;\" src=\"http:\/\/main913485.dominiotemporario.com\/jtcsales\/wp-content\/uploads\/2020\/04\/hf-260a-20296-1.jpg\" alt=\"\" srcset=\"https:\/\/jtcpets.com.br\/wp-content\/uploads\/2020\/04\/hf-260a-20296-1.jpg 320w, https:\/\/jtcpets.com.br\/wp-content\/uploads\/2020\/04\/hf-260a-20296-1-300x201.jpg 300w\" sizes=\"auto, (max-width: 150px) 100vw, 150px\" \/><\/td><td><img loading=\"lazy\" decoding=\"async\" width=\"150\" height=\"100\" class=\"wp-image-264\" style=\"width: 150px;\" src=\"http:\/\/main913485.dominiotemporario.com\/jtcsales\/wp-content\/uploads\/2020\/04\/hf-358g-20159-1.jpg\" alt=\"\" srcset=\"https:\/\/jtcpets.com.br\/wp-content\/uploads\/2020\/04\/hf-358g-20159-1.jpg 320w, https:\/\/jtcpets.com.br\/wp-content\/uploads\/2020\/04\/hf-358g-20159-1-300x201.jpg 300w\" sizes=\"auto, (max-width: 150px) 100vw, 150px\" \/><\/td><td><img loading=\"lazy\" decoding=\"async\" width=\"150\" height=\"131\" class=\"wp-image-271\" style=\"width: 150px;\" src=\"http:\/\/main913485.dominiotemporario.com\/jtcsales\/wp-content\/uploads\/2020\/04\/hfcd-512b-20203.jpg\" alt=\"\" srcset=\"https:\/\/jtcpets.com.br\/wp-content\/uploads\/2020\/04\/hfcd-512b-20203.jpg 320w, https:\/\/jtcpets.com.br\/wp-content\/uploads\/2020\/04\/hfcd-512b-20203-300x262.jpg 300w\" sizes=\"auto, (max-width: 150px) 100vw, 150px\" \/><\/td><\/tr><\/tbody><\/table><figcaption><strong>LA MAS ACTUALIZADA TECNOLOG\u00cdA EN SISTEMAS DE FRENOS <\/strong><\/figcaption><\/figure>\n\n\n\n<figure class=\"wp-block-table is-style-regular\"><table><tbody><tr><td><img loading=\"lazy\" decoding=\"async\" width=\"150\" height=\"59\" class=\"wp-image-279\" style=\"width: 150px;\" src=\"http:\/\/main913485.dominiotemporario.com\/jtcsales\/wp-content\/uploads\/2020\/04\/hipper-rapido.png\" alt=\"\" srcset=\"https:\/\/jtcpets.com.br\/wp-content\/uploads\/2020\/04\/hipper-rapido.png 316w, https:\/\/jtcpets.com.br\/wp-content\/uploads\/2020\/04\/hipper-rapido-300x119.png 300w\" sizes=\"auto, (max-width: 150px) 100vw, 150px\" \/><\/td><td><img loading=\"lazy\" decoding=\"async\" width=\"150\" height=\"57\" class=\"wp-image-273\" style=\"width: 150px;\" src=\"http:\/\/main913485.dominiotemporario.com\/jtcsales\/wp-content\/uploads\/2020\/04\/hipper-formance.png\" alt=\"\" srcset=\"https:\/\/jtcpets.com.br\/wp-content\/uploads\/2020\/04\/hipper-formance.png 331w, https:\/\/jtcpets.com.br\/wp-content\/uploads\/2020\/04\/hipper-formance-300x113.png 300w\" sizes=\"auto, (max-width: 150px) 100vw, 150px\" \/><\/td><td><img loading=\"lazy\" decoding=\"async\" width=\"150\" height=\"52\" class=\"wp-image-272\" style=\"width: 150px;\" src=\"http:\/\/main913485.dominiotemporario.com\/jtcsales\/wp-content\/uploads\/2020\/04\/hipper-carbon.png\" alt=\"\" srcset=\"https:\/\/jtcpets.com.br\/wp-content\/uploads\/2020\/04\/hipper-carbon.png 362w, https:\/\/jtcpets.com.br\/wp-content\/uploads\/2020\/04\/hipper-carbon-300x104.png 300w\" sizes=\"auto, (max-width: 150px) 100vw, 150px\" \/><\/td><\/tr><\/tbody><\/table><figcaption><strong>SISTEMAS DE ALTA  TECNOLOGIA<\/strong><\/figcaption><\/figure>\n\n\n\n<div class=\"wp-block-group\"><div class=\"wp-block-group__inner-container is-layout-flow wp-block-group-is-layout-flow\">\n<div class=\"wp-block-group\"><div class=\"wp-block-group__inner-container is-layout-flow wp-block-group-is-layout-flow\">\n<div class=\"wp-block-group\"><div class=\"wp-block-group__inner-container is-layout-flow wp-block-group-is-layout-flow\">\n<figure class=\"wp-block-table is-style-regular\"><table class=\"has-fixed-layout\"><tbody><tr><td><img loading=\"lazy\" decoding=\"async\" width=\"150\" height=\"89\" class=\"wp-image-277\" style=\"width: 150px;\" src=\"http:\/\/main913485.dominiotemporario.com\/jtcsales\/wp-content\/uploads\/2020\/04\/hipper-frenos-es-la-marca-mas-reconocida-comprada-y-apreciada-brasil-1567686277.jpg\" alt=\"\" srcset=\"https:\/\/jtcpets.com.br\/wp-content\/uploads\/2020\/04\/hipper-frenos-es-la-marca-mas-reconocida-comprada-y-apreciada-brasil-1567686277.jpg 360w, https:\/\/jtcpets.com.br\/wp-content\/uploads\/2020\/04\/hipper-frenos-es-la-marca-mas-reconocida-comprada-y-apreciada-brasil-1567686277-300x178.jpg 300w\" sizes=\"auto, (max-width: 150px) 100vw, 150px\" \/><\/td><td><img loading=\"lazy\" decoding=\"async\" width=\"150\" height=\"83\" class=\"wp-image-278\" style=\"width: 150px;\" src=\"http:\/\/main913485.dominiotemporario.com\/jtcsales\/wp-content\/uploads\/2020\/04\/hipper-frenos-presenta-el-innovador-disco-freno-con-la-fuerza-del-niobio-1567535616.jpg\" alt=\"\" srcset=\"https:\/\/jtcpets.com.br\/wp-content\/uploads\/2020\/04\/hipper-frenos-presenta-el-innovador-disco-freno-con-la-fuerza-del-niobio-1567535616.jpg 360w, https:\/\/jtcpets.com.br\/wp-content\/uploads\/2020\/04\/hipper-frenos-presenta-el-innovador-disco-freno-con-la-fuerza-del-niobio-1567535616-300x167.jpg 300w\" sizes=\"auto, (max-width: 150px) 100vw, 150px\" \/><\/td><\/tr><tr><td><img loading=\"lazy\" decoding=\"async\" width=\"150\" height=\"120\" class=\"wp-image-274\" style=\"width: 150px;\" src=\"http:\/\/main913485.dominiotemporario.com\/jtcsales\/wp-content\/uploads\/2020\/04\/hipper-freios-anuncia-86-itens-tecnologia-niobium-steel-275.png\" alt=\"\" srcset=\"https:\/\/jtcpets.com.br\/wp-content\/uploads\/2020\/04\/hipper-freios-anuncia-86-itens-tecnologia-niobium-steel-275.png 650w, https:\/\/jtcpets.com.br\/wp-content\/uploads\/2020\/04\/hipper-freios-anuncia-86-itens-tecnologia-niobium-steel-275-300x239.png 300w\" sizes=\"auto, (max-width: 150px) 100vw, 150px\" \/><\/td><td><img loading=\"lazy\" decoding=\"async\" width=\"150\" height=\"146\" class=\"wp-image-275\" style=\"width: 150px;\" src=\"http:\/\/main913485.dominiotemporario.com\/jtcsales\/wp-content\/uploads\/2020\/04\/hipper-freios-lanza-tecnologi-exclusiva-en-brasil-discos-freno-1496668856-1.png\" alt=\"\" srcset=\"https:\/\/jtcpets.com.br\/wp-content\/uploads\/2020\/04\/hipper-freios-lanza-tecnologi-exclusiva-en-brasil-discos-freno-1496668856-1.png 650w, https:\/\/jtcpets.com.br\/wp-content\/uploads\/2020\/04\/hipper-freios-lanza-tecnologi-exclusiva-en-brasil-discos-freno-1496668856-1-300x293.png 300w\" sizes=\"auto, (max-width: 150px) 100vw, 150px\" \/><\/td><\/tr><\/tbody><\/table><figcaption><strong><span style=\"color:#1966e2\" class=\"has-inline-color\">PARA HIPPER FREIOS EL TIEMPO NO PARA<\/span><\/strong><\/figcaption><\/figure>\n<\/div><\/div>\n<\/div><\/div>\n\n\n\n<h1 class=\"has-text-align-center has-text-color wp-block-heading\" style=\"color:#1a6bed\">     <a href=\"https:\/\/jtc.suasvendas.com\/catalogo\/Modelo1\/Galeria.aspx?IdCatalogo=3&amp;Nome=HIPPER&amp;FiltroPrincipal=pagina-inicial&amp;PaginaAtual=1&amp;FiltroOrdem=\">CONSULTE NUESTRO E-COMMERCE <\/a><\/h1>\n\n\n<\/div><\/div>\n\n\n\n<div class=\"wp-block-file\"><a id=\"wp-block-file--media-c723f203-042d-4bd7-9cf1-056f52864f6b\" href=\"http:\/\/main913485.dominiotemporario.com\/jtcsales\/wp-content\/uploads\/2020\/04\/catalogo-hipper-freios.pdf\"><strong>catalogo-hipper-freios<\/strong><\/a><\/div>\n\n\n\n<p class=\"has-text-align-center has-text-color has-large-font-size\" style=\"color:#000fa3\">   <strong>VENTAS DIRECTO  DE FABRICA<\/strong><\/p>\n\n\n\n<p class=\"has-text-align-center has-text-color has-large-font-size\" style=\"color:#000fa3\">         PR<strong>ODUCTOS 100 % BRASILEIROS <\/strong> <\/p>\n\n\n\n<p class=\"has-text-align-center has-text-color has-medium-font-size\" style=\"color:#000fa3\"> <a rel=\"noreferrer noopener\" href=\"http:\/\/jtcsales.com.br\/?page_id=899\" data-type=\"URL\" data-id=\"http:\/\/jtcsales.com.br\/?page_id=899\" target=\"_blank\">EE.UU  AMERICA CENTRAL  MEXICO EUROPA ASIA  BOLIVIA   COLOMBIA  ECUADOR  PERU VENEZUELA<\/a><\/p>\n\n\n\n\n\n<p><\/p>\n","protected":false},"excerpt":{"rendered":"<p>HIPPER FREIOS es l\u00edder en el mercado como proveedor de discos y tambores de frenos. Instalada en el municipio de Sang\u00e3o\/SC en un \u00e1rea de aproximadamente 100 mil m\u00b2 &#8211; siendo 45 mil m\u00b2 de \u00e1rea construida &#8211; exporta sus productos a m\u00e1s de 20 pa\u00edses y para todo el territorio nacional. Poseedora de uno [&hellip;]<\/p>\n","protected":false},"author":1,"featured_media":0,"parent":0,"menu_order":0,"comment_status":"closed","ping_status":"closed","template":"templates\/template-page-full-width.php","meta":{"om_disable_all_campaigns":false,"_monsterinsights_skip_tracking":false,"_monsterinsights_sitenote_active":false,"_monsterinsights_sitenote_note":"","_monsterinsights_sitenote_category":0,"footnotes":""},"class_list":["post-258","page","type-page","status-publish","hentry"],"aioseo_notices":[],"_links":{"self":[{"href":"https:\/\/jtcpets.com.br\/index.php?rest_route=\/wp\/v2\/pages\/258","targetHints":{"allow":["GET"]}}],"collection":[{"href":"https:\/\/jtcpets.com.br\/index.php?rest_route=\/wp\/v2\/pages"}],"about":[{"href":"https:\/\/jtcpets.com.br\/index.php?rest_route=\/wp\/v2\/types\/page"}],"author":[{"embeddable":true,"href":"https:\/\/jtcpets.com.br\/index.php?rest_route=\/wp\/v2\/users\/1"}],"replies":[{"embeddable":true,"href":"https:\/\/jtcpets.com.br\/index.php?rest_route=%2Fwp%2Fv2%2Fcomments&post=258"}],"version-history":[{"count":1,"href":"https:\/\/jtcpets.com.br\/index.php?rest_route=\/wp\/v2\/pages\/258\/revisions"}],"predecessor-version":[{"id":1570,"href":"https:\/\/jtcpets.com.br\/index.php?rest_route=\/wp\/v2\/pages\/258\/revisions\/1570"}],"wp:attachment":[{"href":"https:\/\/jtcpets.com.br\/index.php?rest_route=%2Fwp%2Fv2%2Fmedia&parent=258"}],"curies":[{"name":"wp","href":"https:\/\/api.w.org\/{rel}","templated":true}]}}