{"id":308,"date":"2020-04-08T15:09:26","date_gmt":"2020-04-08T15:09:26","guid":{"rendered":"http:\/\/main913485.dominiotemporario.com\/jtcsales\/?page_id=308"},"modified":"2022-07-29T16:22:11","modified_gmt":"2022-07-29T16:22:11","slug":"speed-brakes","status":"publish","type":"page","link":"https:\/\/jtcpets.com.br\/?page_id=308","title":{"rendered":"SPEED BRAKES"},"content":{"rendered":"\n<p>El Grupo Monpar naci\u00f3 de la garra y la determinaci\u00f3n de su fundador, el empresario Marcos Oliveira.<\/p>\n\n\n\n<p>Un antiguo conductor de autobuses y taxis, el empresario de Sao Paulo, en el momento de su primera tentativa exitosa, se propuso una meta sin precedentes en el negocio de ventas. Llam\u00f3 a la puerta de la compa\u00f1\u00eda Nilsicar, autopartes, comenzando como representante y, meses m\u00e1s tarde, en un movimiento claro, termin\u00f3 apostando completamente por el negocio, comprando la firma.<\/p>\n\n\n\n<p>Con la experiencia adquirida, Marcos hizo algunos cambios estrat\u00e9gicos en la f\u00e1brica, y en 1987, cambi\u00f3 su nombre a Grupo Monpar.<\/p>\n\n\n\n<p>Al principio, con maquinaria reducida, la compa\u00f1\u00eda fabricaba s\u00f3lo cables de velas, pero estaba creciendo e invirtiendo en otras ramas del mercado de piezas automotrices &#8211; tambi\u00e9n produciendo tapas de distribuidores, rotores y condensadores, y m\u00e1s tarde lanzando bobinas de encendido de aceite.<\/p>\n\n\n\n<p>Diez a\u00f1os m\u00e1s tarde, la compa\u00f1\u00eda, en un salto cualitativo, contempl\u00f3 el mercado con una extensa y exitosa l\u00ednea de pastillas de freno de disco, denominada Speed Brake.<\/p>\n\n\n\n<figure class=\"wp-block-table is-style-regular\"><table><tbody><tr><td class=\"has-text-align-center\" data-align=\"center\"><img loading=\"lazy\" decoding=\"async\" width=\"150\" height=\"150\" class=\"wp-image-699\" style=\"width: 150px;\" src=\"http:\/\/jtcsales.com.br\/wp-content\/uploads\/2020\/04\/pastilha-freio-mb-axor20191216163137.jpg\" alt=\"\" srcset=\"https:\/\/jtcpets.com.br\/wp-content\/uploads\/2020\/04\/pastilha-freio-mb-axor20191216163137.jpg 600w, https:\/\/jtcpets.com.br\/wp-content\/uploads\/2020\/04\/pastilha-freio-mb-axor20191216163137-300x300.jpg 300w, https:\/\/jtcpets.com.br\/wp-content\/uploads\/2020\/04\/pastilha-freio-mb-axor20191216163137-150x150.jpg 150w, https:\/\/jtcpets.com.br\/wp-content\/uploads\/2020\/04\/pastilha-freio-mb-axor20191216163137-100x100.jpg 100w\" sizes=\"auto, (max-width: 150px) 100vw, 150px\" \/><\/td><td class=\"has-text-align-center\" data-align=\"center\"><img loading=\"lazy\" decoding=\"async\" width=\"150\" height=\"150\" class=\"wp-image-696\" style=\"width: 150px;\" src=\"http:\/\/jtcsales.com.br\/wp-content\/uploads\/2020\/04\/past-Mb.jpg\" alt=\"\" srcset=\"https:\/\/jtcpets.com.br\/wp-content\/uploads\/2020\/04\/past-Mb.jpg 225w, https:\/\/jtcpets.com.br\/wp-content\/uploads\/2020\/04\/past-Mb-150x150.jpg 150w, https:\/\/jtcpets.com.br\/wp-content\/uploads\/2020\/04\/past-Mb-100x100.jpg 100w\" sizes=\"auto, (max-width: 150px) 100vw, 150px\" \/><\/td><td class=\"has-text-align-center\" data-align=\"center\"><img loading=\"lazy\" decoding=\"async\" width=\"150\" height=\"150\" class=\"wp-image-698\" style=\"width: 150px;\" src=\"http:\/\/jtcsales.com.br\/wp-content\/uploads\/2020\/04\/pastilha-de-freio-master-speed-brake-1.png\" alt=\"\" srcset=\"https:\/\/jtcpets.com.br\/wp-content\/uploads\/2020\/04\/pastilha-de-freio-master-speed-brake-1.png 450w, https:\/\/jtcpets.com.br\/wp-content\/uploads\/2020\/04\/pastilha-de-freio-master-speed-brake-1-300x300.png 300w, https:\/\/jtcpets.com.br\/wp-content\/uploads\/2020\/04\/pastilha-de-freio-master-speed-brake-1-150x150.png 150w, https:\/\/jtcpets.com.br\/wp-content\/uploads\/2020\/04\/pastilha-de-freio-master-speed-brake-1-100x100.png 100w\" sizes=\"auto, (max-width: 150px) 100vw, 150px\" \/><\/td><\/tr><tr><td class=\"has-text-align-center\" data-align=\"center\"><img loading=\"lazy\" decoding=\"async\" width=\"150\" height=\"112\" class=\"wp-image-695\" style=\"width: 150px;\" src=\"http:\/\/jtcsales.com.br\/wp-content\/uploads\/2020\/04\/images-5.jpg\" alt=\"\"><\/td><td class=\"has-text-align-center\" data-align=\"center\"><img loading=\"lazy\" decoding=\"async\" width=\"150\" height=\"150\" class=\"wp-image-692\" style=\"width: 150px;\" src=\"http:\/\/jtcsales.com.br\/wp-content\/uploads\/2020\/04\/images-4.jpg\" alt=\"\" srcset=\"https:\/\/jtcpets.com.br\/wp-content\/uploads\/2020\/04\/images-4.jpg 225w, https:\/\/jtcpets.com.br\/wp-content\/uploads\/2020\/04\/images-4-150x150.jpg 150w, https:\/\/jtcpets.com.br\/wp-content\/uploads\/2020\/04\/images-4-100x100.jpg 100w\" sizes=\"auto, (max-width: 150px) 100vw, 150px\" \/><\/td><td class=\"has-text-align-center\" data-align=\"center\"><img loading=\"lazy\" decoding=\"async\" width=\"150\" height=\"150\" class=\"wp-image-691\" style=\"width: 150px;\" src=\"http:\/\/jtcsales.com.br\/wp-content\/uploads\/2020\/04\/images-3.jpg\" alt=\"\" srcset=\"https:\/\/jtcpets.com.br\/wp-content\/uploads\/2020\/04\/images-3.jpg 225w, https:\/\/jtcpets.com.br\/wp-content\/uploads\/2020\/04\/images-3-150x150.jpg 150w, https:\/\/jtcpets.com.br\/wp-content\/uploads\/2020\/04\/images-3-100x100.jpg 100w\" sizes=\"auto, (max-width: 150px) 100vw, 150px\" \/><\/td><\/tr><tr><td class=\"has-text-align-center\" data-align=\"center\"><img loading=\"lazy\" decoding=\"async\" width=\"150\" height=\"112\" class=\"wp-image-690\" style=\"width: 150px;\" src=\"http:\/\/jtcsales.com.br\/wp-content\/uploads\/2020\/04\/images-2.jpg\" alt=\"\"><\/td><td class=\"has-text-align-center\" data-align=\"center\"><img loading=\"lazy\" decoding=\"async\" width=\"150\" height=\"150\" class=\"wp-image-694\" style=\"width: 150px;\" src=\"http:\/\/jtcsales.com.br\/wp-content\/uploads\/2020\/04\/images-7.jpg\" alt=\"\" srcset=\"https:\/\/jtcpets.com.br\/wp-content\/uploads\/2020\/04\/images-7.jpg 225w, https:\/\/jtcpets.com.br\/wp-content\/uploads\/2020\/04\/images-7-150x150.jpg 150w, https:\/\/jtcpets.com.br\/wp-content\/uploads\/2020\/04\/images-7-100x100.jpg 100w\" sizes=\"auto, (max-width: 150px) 100vw, 150px\" \/><\/td><td class=\"has-text-align-center\" data-align=\"center\"><img loading=\"lazy\" decoding=\"async\" width=\"150\" height=\"121\" class=\"wp-image-689\" style=\"width: 150px;\" src=\"http:\/\/jtcsales.com.br\/wp-content\/uploads\/2020\/04\/images-1.jpg\" alt=\"\"><\/td><\/tr><\/tbody><\/table><figcaption><strong>PASTILLAS PARA TODAS LAS MARCAS DE VEHICULOS <\/strong><\/figcaption><\/figure>\n\n\n\n<figure class=\"wp-block-table is-style-regular\"><table><tbody><tr><td><img loading=\"lazy\" decoding=\"async\" width=\"150\" height=\"170\" class=\"wp-image-235\" style=\"width: 150px;\" src=\"http:\/\/main913485.dominiotemporario.com\/jtcsales\/wp-content\/uploads\/2020\/04\/SNA-1496.jpg\" alt=\"\" srcset=\"https:\/\/jtcpets.com.br\/wp-content\/uploads\/2020\/04\/SNA-1496.jpg 457w, https:\/\/jtcpets.com.br\/wp-content\/uploads\/2020\/04\/SNA-1496-265x300.jpg 265w\" sizes=\"auto, (max-width: 150px) 100vw, 150px\" \/><\/td><td><img loading=\"lazy\" decoding=\"async\" width=\"150\" height=\"172\" class=\"wp-image-234\" style=\"width: 150px;\" src=\"http:\/\/main913485.dominiotemporario.com\/jtcsales\/wp-content\/uploads\/2020\/04\/SNA-1357.jpg\" alt=\"\" srcset=\"https:\/\/jtcpets.com.br\/wp-content\/uploads\/2020\/04\/SNA-1357.jpg 452w, https:\/\/jtcpets.com.br\/wp-content\/uploads\/2020\/04\/SNA-1357-261x300.jpg 261w\" sizes=\"auto, (max-width: 150px) 100vw, 150px\" \/><\/td><td><img loading=\"lazy\" decoding=\"async\" width=\"150\" height=\"172\" class=\"wp-image-233\" style=\"width: 150px;\" src=\"http:\/\/main913485.dominiotemporario.com\/jtcsales\/wp-content\/uploads\/2020\/04\/SNA-721.jpg\" alt=\"\" srcset=\"https:\/\/jtcpets.com.br\/wp-content\/uploads\/2020\/04\/SNA-721.jpg 444w, https:\/\/jtcpets.com.br\/wp-content\/uploads\/2020\/04\/SNA-721-261x300.jpg 261w\" sizes=\"auto, (max-width: 150px) 100vw, 150px\" \/><\/td><td><img loading=\"lazy\" decoding=\"async\" width=\"150\" height=\"170\" class=\"wp-image-231\" style=\"width: 150px;\" src=\"http:\/\/main913485.dominiotemporario.com\/jtcsales\/wp-content\/uploads\/2020\/04\/SNA-146.jpg\" alt=\"\" srcset=\"https:\/\/jtcpets.com.br\/wp-content\/uploads\/2020\/04\/SNA-146.jpg 453w, https:\/\/jtcpets.com.br\/wp-content\/uploads\/2020\/04\/SNA-146-264x300.jpg 264w\" sizes=\"auto, (max-width: 150px) 100vw, 150px\" \/><\/td><\/tr><tr><td><img loading=\"lazy\" decoding=\"async\" width=\"150\" height=\"171\" class=\"wp-image-232\" style=\"width: 150px;\" src=\"http:\/\/main913485.dominiotemporario.com\/jtcsales\/wp-content\/uploads\/2020\/04\/SNA-714.jpg\" alt=\"\" srcset=\"https:\/\/jtcpets.com.br\/wp-content\/uploads\/2020\/04\/SNA-714.jpg 447w, https:\/\/jtcpets.com.br\/wp-content\/uploads\/2020\/04\/SNA-714-263x300.jpg 263w\" sizes=\"auto, (max-width: 150px) 100vw, 150px\" \/><\/td><td><img loading=\"lazy\" decoding=\"async\" width=\"150\" height=\"183\" class=\"wp-image-313\" style=\"width: 150px;\" src=\"http:\/\/main913485.dominiotemporario.com\/jtcsales\/wp-content\/uploads\/2020\/04\/SNA-3004.jpg\" alt=\"\" srcset=\"https:\/\/jtcpets.com.br\/wp-content\/uploads\/2020\/04\/SNA-3004.jpg 474w, https:\/\/jtcpets.com.br\/wp-content\/uploads\/2020\/04\/SNA-3004-246x300.jpg 246w\" sizes=\"auto, (max-width: 150px) 100vw, 150px\" \/><\/td><td><img loading=\"lazy\" decoding=\"async\" width=\"150\" height=\"170\" class=\"wp-image-312\" style=\"width: 150px;\" src=\"http:\/\/main913485.dominiotemporario.com\/jtcsales\/wp-content\/uploads\/2020\/04\/SNA-1496-1.jpg\" alt=\"\" srcset=\"https:\/\/jtcpets.com.br\/wp-content\/uploads\/2020\/04\/SNA-1496-1.jpg 457w, https:\/\/jtcpets.com.br\/wp-content\/uploads\/2020\/04\/SNA-1496-1-265x300.jpg 265w\" sizes=\"auto, (max-width: 150px) 100vw, 150px\" \/><\/td><td><img loading=\"lazy\" decoding=\"async\" width=\"150\" height=\"172\" class=\"wp-image-311\" style=\"width: 150px;\" src=\"http:\/\/main913485.dominiotemporario.com\/jtcsales\/wp-content\/uploads\/2020\/04\/SNA-1357-1.jpg\" alt=\"\" srcset=\"https:\/\/jtcpets.com.br\/wp-content\/uploads\/2020\/04\/SNA-1357-1.jpg 452w, https:\/\/jtcpets.com.br\/wp-content\/uploads\/2020\/04\/SNA-1357-1-261x300.jpg 261w\" sizes=\"auto, (max-width: 150px) 100vw, 150px\" \/><\/td><\/tr><\/tbody><\/table><figcaption><strong>LAS MAS DIVERSAS APLICACIONES <\/strong><\/figcaption><\/figure>\n\n\n\n<div class=\"wp-block-group\"><div class=\"wp-block-group__inner-container is-layout-flow wp-block-group-is-layout-flow\">\n<div class=\"wp-block-group\"><div class=\"wp-block-group__inner-container is-layout-flow wp-block-group-is-layout-flow\">\n<div class=\"wp-block-group\"><div class=\"wp-block-group__inner-container is-layout-flow wp-block-group-is-layout-flow\">\n<div class=\"wp-block-group\"><div class=\"wp-block-group__inner-container is-layout-flow wp-block-group-is-layout-flow\">\n<figure class=\"wp-block-image size-large is-style-default\"><img loading=\"lazy\" decoding=\"async\" width=\"1024\" height=\"1024\" src=\"http:\/\/main913485.dominiotemporario.com\/jtcsales\/wp-content\/uploads\/2020\/04\/331-905-1024x1024.jpg\" alt=\"\" class=\"wp-image-315\" srcset=\"https:\/\/jtcpets.com.br\/wp-content\/uploads\/2020\/04\/331-905-1024x1024.jpg 1024w, https:\/\/jtcpets.com.br\/wp-content\/uploads\/2020\/04\/331-905-150x150.jpg 150w, https:\/\/jtcpets.com.br\/wp-content\/uploads\/2020\/04\/331-905-300x300.jpg 300w, https:\/\/jtcpets.com.br\/wp-content\/uploads\/2020\/04\/331-905-768x768.jpg 768w, https:\/\/jtcpets.com.br\/wp-content\/uploads\/2020\/04\/331-905-100x100.jpg 100w, https:\/\/jtcpets.com.br\/wp-content\/uploads\/2020\/04\/331-905.jpg 1080w\" sizes=\"auto, (max-width: 1024px) 100vw, 1024px\" \/><\/figure>\n\n\n\n<p><\/p>\n<\/div><\/div>\n\n\n\n<div class=\"wp-block-group\"><div class=\"wp-block-group__inner-container is-layout-flow wp-block-group-is-layout-flow\">\n<figure class=\"wp-block-image size-large is-style-default\"><img loading=\"lazy\" decoding=\"async\" width=\"1024\" height=\"1024\" src=\"http:\/\/main913485.dominiotemporario.com\/jtcsales\/wp-content\/uploads\/2020\/04\/333-532-1024x1024.jpg\" alt=\"\" class=\"wp-image-316\" srcset=\"https:\/\/jtcpets.com.br\/wp-content\/uploads\/2020\/04\/333-532-1024x1024.jpg 1024w, https:\/\/jtcpets.com.br\/wp-content\/uploads\/2020\/04\/333-532-150x150.jpg 150w, https:\/\/jtcpets.com.br\/wp-content\/uploads\/2020\/04\/333-532-300x300.jpg 300w, https:\/\/jtcpets.com.br\/wp-content\/uploads\/2020\/04\/333-532-768x768.jpg 768w, https:\/\/jtcpets.com.br\/wp-content\/uploads\/2020\/04\/333-532-100x100.jpg 100w, https:\/\/jtcpets.com.br\/wp-content\/uploads\/2020\/04\/333-532.jpg 1080w\" sizes=\"auto, (max-width: 1024px) 100vw, 1024px\" \/><\/figure>\n\n\n\n<p><\/p>\n<\/div><\/div>\n<\/div><\/div>\n\n\n\n<div class=\"wp-block-group\"><div class=\"wp-block-group__inner-container is-layout-flow wp-block-group-is-layout-flow\">\n<figure class=\"wp-block-image size-large is-style-default\"><img loading=\"lazy\" decoding=\"async\" width=\"1024\" height=\"1024\" src=\"http:\/\/main913485.dominiotemporario.com\/jtcsales\/wp-content\/uploads\/2020\/04\/LANCAMENTO-complacaSNA819E1359-SPEEDBRAKE-1024x1024.jpg\" alt=\"\" class=\"wp-image-317\" srcset=\"https:\/\/jtcpets.com.br\/wp-content\/uploads\/2020\/04\/LANCAMENTO-complacaSNA819E1359-SPEEDBRAKE-1024x1024.jpg 1024w, https:\/\/jtcpets.com.br\/wp-content\/uploads\/2020\/04\/LANCAMENTO-complacaSNA819E1359-SPEEDBRAKE-150x150.jpg 150w, https:\/\/jtcpets.com.br\/wp-content\/uploads\/2020\/04\/LANCAMENTO-complacaSNA819E1359-SPEEDBRAKE-300x300.jpg 300w, https:\/\/jtcpets.com.br\/wp-content\/uploads\/2020\/04\/LANCAMENTO-complacaSNA819E1359-SPEEDBRAKE-768x768.jpg 768w, https:\/\/jtcpets.com.br\/wp-content\/uploads\/2020\/04\/LANCAMENTO-complacaSNA819E1359-SPEEDBRAKE-100x100.jpg 100w, https:\/\/jtcpets.com.br\/wp-content\/uploads\/2020\/04\/LANCAMENTO-complacaSNA819E1359-SPEEDBRAKE.jpg 1080w\" sizes=\"auto, (max-width: 1024px) 100vw, 1024px\" \/><\/figure>\n\n\n\n<p><\/p>\n<\/div><\/div>\n\n\n\n<div class=\"wp-block-group\"><div class=\"wp-block-group__inner-container is-layout-flow wp-block-group-is-layout-flow\">\n<figure class=\"wp-block-image size-large is-style-default\"><img loading=\"lazy\" decoding=\"async\" width=\"1024\" height=\"1024\" src=\"http:\/\/main913485.dominiotemporario.com\/jtcsales\/wp-content\/uploads\/2020\/04\/LANCAMENTO-SNA286E803-SPEEDBRAKE-1024x1024.jpg\" alt=\"\" class=\"wp-image-318\" srcset=\"https:\/\/jtcpets.com.br\/wp-content\/uploads\/2020\/04\/LANCAMENTO-SNA286E803-SPEEDBRAKE-1024x1024.jpg 1024w, https:\/\/jtcpets.com.br\/wp-content\/uploads\/2020\/04\/LANCAMENTO-SNA286E803-SPEEDBRAKE-150x150.jpg 150w, https:\/\/jtcpets.com.br\/wp-content\/uploads\/2020\/04\/LANCAMENTO-SNA286E803-SPEEDBRAKE-300x300.jpg 300w, https:\/\/jtcpets.com.br\/wp-content\/uploads\/2020\/04\/LANCAMENTO-SNA286E803-SPEEDBRAKE-768x768.jpg 768w, https:\/\/jtcpets.com.br\/wp-content\/uploads\/2020\/04\/LANCAMENTO-SNA286E803-SPEEDBRAKE-100x100.jpg 100w, https:\/\/jtcpets.com.br\/wp-content\/uploads\/2020\/04\/LANCAMENTO-SNA286E803-SPEEDBRAKE.jpg 1080w\" sizes=\"auto, (max-width: 1024px) 100vw, 1024px\" \/><\/figure>\n\n\n\n<p><\/p>\n<\/div><\/div>\n<\/div><\/div>\n\n\n\n<figure class=\"wp-block-image size-large is-style-default\"><img loading=\"lazy\" decoding=\"async\" width=\"1024\" height=\"709\" src=\"http:\/\/main913485.dominiotemporario.com\/jtcsales\/wp-content\/uploads\/2020\/04\/ALC-ISO-SPEED-BRAKE-1024x709.jpg\" alt=\"\" class=\"wp-image-319\" srcset=\"https:\/\/jtcpets.com.br\/wp-content\/uploads\/2020\/04\/ALC-ISO-SPEED-BRAKE-1024x709.jpg 1024w, https:\/\/jtcpets.com.br\/wp-content\/uploads\/2020\/04\/ALC-ISO-SPEED-BRAKE-300x208.jpg 300w, https:\/\/jtcpets.com.br\/wp-content\/uploads\/2020\/04\/ALC-ISO-SPEED-BRAKE-768x532.jpg 768w, https:\/\/jtcpets.com.br\/wp-content\/uploads\/2020\/04\/ALC-ISO-SPEED-BRAKE.jpg 1200w\" sizes=\"auto, (max-width: 1024px) 100vw, 1024px\" \/><\/figure>\n<\/div><\/div>\n\n\n\n<h1 class=\"has-text-align-center has-text-color wp-block-heading\" style=\"color:#1436e4\"><a href=\"http:\/\/jtc.suasvendas.com\/catalogo\/SPEEDBRAKE\">VISITE NUESTRO E-COMMERCE<\/a><\/h1>\n\n\n\n<p class=\"has-text-align-center has-text-color has-large-font-size\" style=\"color:#000fa3\">   <strong>VENTAS DIRECTO  DE FABRICA<\/strong><\/p>\n\n\n\n<p class=\"has-text-align-center has-text-color has-large-font-size\" style=\"color:#000fa3\">         PR<strong>ODUCTOS 100 % BRASILEIROS <\/strong> <\/p>\n\n\n\n<p class=\"has-text-align-center has-text-color has-medium-font-size\" style=\"color:#000fa3\"> <a rel=\"noreferrer noopener\" href=\"http:\/\/jtcsales.com.br\/?page_id=899\" data-type=\"URL\" data-id=\"http:\/\/jtcsales.com.br\/?page_id=899\" target=\"_blank\">EE.UU  AMERICA CENTRAL  MEXICO EUROPA ASIA  BOLIVIA   COLOMBIA  ECUADOR  PERU VENEZUELA<\/a><\/p>\n\n\n\n\n\n<p><\/p>\n","protected":false},"excerpt":{"rendered":"<p>El Grupo Monpar naci\u00f3 de la garra y la determinaci\u00f3n de su fundador, el empresario Marcos Oliveira. Un antiguo conductor de autobuses y taxis, el empresario de Sao Paulo, en el momento de su primera tentativa exitosa, se propuso una meta sin precedentes en el negocio de ventas. Llam\u00f3 a la puerta de la compa\u00f1\u00eda [&hellip;]<\/p>\n","protected":false},"author":1,"featured_media":0,"parent":0,"menu_order":0,"comment_status":"closed","ping_status":"closed","template":"templates\/template-page-full-width.php","meta":{"om_disable_all_campaigns":false,"_monsterinsights_skip_tracking":false,"_monsterinsights_sitenote_active":false,"_monsterinsights_sitenote_note":"","_monsterinsights_sitenote_category":0,"footnotes":""},"class_list":["post-308","page","type-page","status-publish","hentry"],"aioseo_notices":[],"_links":{"self":[{"href":"https:\/\/jtcpets.com.br\/index.php?rest_route=\/wp\/v2\/pages\/308","targetHints":{"allow":["GET"]}}],"collection":[{"href":"https:\/\/jtcpets.com.br\/index.php?rest_route=\/wp\/v2\/pages"}],"about":[{"href":"https:\/\/jtcpets.com.br\/index.php?rest_route=\/wp\/v2\/types\/page"}],"author":[{"embeddable":true,"href":"https:\/\/jtcpets.com.br\/index.php?rest_route=\/wp\/v2\/users\/1"}],"replies":[{"embeddable":true,"href":"https:\/\/jtcpets.com.br\/index.php?rest_route=%2Fwp%2Fv2%2Fcomments&post=308"}],"version-history":[{"count":1,"href":"https:\/\/jtcpets.com.br\/index.php?rest_route=\/wp\/v2\/pages\/308\/revisions"}],"predecessor-version":[{"id":1579,"href":"https:\/\/jtcpets.com.br\/index.php?rest_route=\/wp\/v2\/pages\/308\/revisions\/1579"}],"wp:attachment":[{"href":"https:\/\/jtcpets.com.br\/index.php?rest_route=%2Fwp%2Fv2%2Fmedia&parent=308"}],"curies":[{"name":"wp","href":"https:\/\/api.w.org\/{rel}","templated":true}]}}